{"id":198,"date":"2012-11-05T10:35:22","date_gmt":"2012-11-05T09:35:22","guid":{"rendered":"http:\/\/pacoc.blog.pangea.org\/?page_id=198"},"modified":"2016-04-17T13:32:57","modified_gmt":"2016-04-17T11:32:57","slug":"videos","status":"publish","type":"page","link":"https:\/\/pacoc.blog.pangea.org\/ca\/videos\/","title":{"rendered":"Videos"},"content":{"rendered":"<p>Videos de Latituds<\/p>\n<ul>\n<li><a href=\"http:\/\/www.tv3.cat\/videos\/3836830\">Noviol\u00e8ncia<\/a><\/li>\n<li><a href=\"http:\/\/www.tv3.cat\/videos\/3786451\">Activisme Pacifista<\/a><\/li>\n<li><a href=\"http:\/\/blogs.tv3.cat\/latituds\">Altres videos de Latituds<\/a><\/li>\n<\/ul>\n<p>Salvados (Jordi \u00c9vole):<\/p>\n<ul>\n<li><a href=\"http:\/\/www.atresplayer.com\/television\/programas\/salvados\/temporada-5\/capitulo-25-poli-bueno-poli-malo_2012041500155.html\">Poli bueno, poli malo<\/a><\/li>\n<li><a href=\"http:\/\/www.atresplayer.com\/television\/programas\/salvados\/temporada-6\/capitulo-7-Desobedientes_2012102800121.html\">Desobedientes<\/a><\/li>\n<li><a href=\"http:\/\/www.lasexta.com\/videos\/salvados.html\">Altres videos de Salvados<\/a><\/li>\n<\/ul>\n<p>Video de Gene Sharp<\/p>\n<ul>\n<li><a href=\"http:\/\/youtu.be\/dHezFksIM68\">Com comen\u00e7ar una revoluci\u00f3<\/a><\/li>\n<\/ul>\n<p>Videos de TV3<\/p>\n<ul>\n<li><a href=\"http:\/\/www.tv3.cat\/videos\/3980170\">El perd\u00f3<\/a><\/li>\n<\/ul>\n<p>Videos de etb<\/p>\n<ul>\n<li><a href=\"http:\/\/www.eitb.tv\/es\/#\/video\/2084606976001\">Glencree<\/a>\u00a0(La iniciativa Glencree -proc\u00e9s de pau-va reunir v\u00edctimes provinents de victimaris molt diferents)<\/li>\n<\/ul>\n<p>Videos d&#8217;experi\u00e8ncies noviolentes<\/p>\n<ul>\n<li><a href=\"http:\/\/www.aforcemorepowerful.org\/films\/index.php\">Una for\u00e7a m\u00e9s poderosa, derrocant a un dictador, &#8230;<\/a><\/li>\n<li><a href=\"http:\/\/archive.org\/details\/BalanDePragacataln\">Balan\u00e7 de Praga (2.000)<\/a><\/li>\n<\/ul>\n<p><\/p>","protected":false},"excerpt":{"rendered":"<p>Videos de Latituds Noviol\u00e8ncia Activisme Pacifista Altres videos de Latituds Salvados (Jordi \u00c9vole): Poli bueno, poli malo Desobedientes Altres videos de Salvados Video de Gene Sharp Com comen\u00e7ar una revoluci\u00f3 <a href='https:\/\/pacoc.blog.pangea.org\/ca\/videos\/' class='excerpt-more'>[&#8230;]<\/a><\/p>\n","protected":false},"author":6,"featured_media":0,"parent":0,"menu_order":0,"comment_status":"open","ping_status":"open","template":"","meta":{"ngg_post_thumbnail":0,"footnotes":""},"class_list":["post-198","page","type-page","status-publish","hentry","post-seq-1","post-parity-odd","meta-position-corners","fix"],"jetpack_shortlink":"https:\/\/wp.me\/P1ZPVp-3c","jetpack_sharing_enabled":true,"_links":{"self":[{"href":"https:\/\/pacoc.blog.pangea.org\/ca\/wp-json\/wp\/v2\/pages\/198","targetHints":{"allow":["GET"]}}],"collection":[{"href":"https:\/\/pacoc.blog.pangea.org\/ca\/wp-json\/wp\/v2\/pages"}],"about":[{"href":"https:\/\/pacoc.blog.pangea.org\/ca\/wp-json\/wp\/v2\/types\/page"}],"author":[{"embeddable":true,"href":"https:\/\/pacoc.blog.pangea.org\/ca\/wp-json\/wp\/v2\/users\/6"}],"replies":[{"embeddable":true,"href":"https:\/\/pacoc.blog.pangea.org\/ca\/wp-json\/wp\/v2\/comments?post=198"}],"version-history":[{"count":14,"href":"https:\/\/pacoc.blog.pangea.org\/ca\/wp-json\/wp\/v2\/pages\/198\/revisions"}],"predecessor-version":[{"id":318,"href":"https:\/\/pacoc.blog.pangea.org\/ca\/wp-json\/wp\/v2\/pages\/198\/revisions\/318"}],"wp:attachment":[{"href":"https:\/\/pacoc.blog.pangea.org\/ca\/wp-json\/wp\/v2\/media?parent=198"}],"curies":[{"name":"wp","href":"https:\/\/api.w.org\/{rel}","templated":true}]}}