{"id":325,"date":"2016-06-21T23:02:43","date_gmt":"2016-06-21T21:02:43","guid":{"rendered":"http:\/\/pacoc.blog.pangea.org\/calendar-2\/"},"modified":"2016-06-21T23:06:24","modified_gmt":"2016-06-21T21:06:24","slug":"calendar-2","status":"publish","type":"page","link":"https:\/\/pacoc.blog.pangea.org\/ca\/calendar-2\/","title":{"rendered":"Calendari"},"content":{"rendered":"<p>Moltes persones em venien demanant informaci\u00f3 de cursos, tallers, confer\u00e8ncies, &#8230; que an\u00e9s a donar. Normalment, excepte confer\u00e8ncies i alguns tallers, solen ser per a grups concrets i \/ o amb les seves pr\u00f2pies vies d&#8217;inscripci\u00f3. De tota manera, he creat aquesta eina per anunciar alguns dels esdeveniments en qu\u00e8 participar\u00e9.<\/p>","protected":false},"excerpt":{"rendered":"<p>Moltes persones em venien demanant informaci\u00f3 de cursos, tallers, confer\u00e8ncies, &#8230; que an\u00e9s a donar. Normalment, excepte confer\u00e8ncies i alguns tallers, solen ser per a grups concrets i \/ o <a href='https:\/\/pacoc.blog.pangea.org\/ca\/calendar-2\/' class='excerpt-more'>[&#8230;]<\/a><\/p>\n","protected":false},"author":6,"featured_media":0,"parent":0,"menu_order":0,"comment_status":"closed","ping_status":"closed","template":"","meta":{"ngg_post_thumbnail":0,"footnotes":""},"class_list":["post-325","page","type-page","status-publish","hentry","post-seq-1","post-parity-odd","meta-position-corners","fix"],"jetpack_shortlink":"https:\/\/wp.me\/P1ZPVp-5f","jetpack_sharing_enabled":true,"_links":{"self":[{"href":"https:\/\/pacoc.blog.pangea.org\/ca\/wp-json\/wp\/v2\/pages\/325","targetHints":{"allow":["GET"]}}],"collection":[{"href":"https:\/\/pacoc.blog.pangea.org\/ca\/wp-json\/wp\/v2\/pages"}],"about":[{"href":"https:\/\/pacoc.blog.pangea.org\/ca\/wp-json\/wp\/v2\/types\/page"}],"author":[{"embeddable":true,"href":"https:\/\/pacoc.blog.pangea.org\/ca\/wp-json\/wp\/v2\/users\/6"}],"replies":[{"embeddable":true,"href":"https:\/\/pacoc.blog.pangea.org\/ca\/wp-json\/wp\/v2\/comments?post=325"}],"version-history":[{"count":1,"href":"https:\/\/pacoc.blog.pangea.org\/ca\/wp-json\/wp\/v2\/pages\/325\/revisions"}],"predecessor-version":[{"id":327,"href":"https:\/\/pacoc.blog.pangea.org\/ca\/wp-json\/wp\/v2\/pages\/325\/revisions\/327"}],"wp:attachment":[{"href":"https:\/\/pacoc.blog.pangea.org\/ca\/wp-json\/wp\/v2\/media?parent=325"}],"curies":[{"name":"wp","href":"https:\/\/api.w.org\/{rel}","templated":true}]}}